{"id":15,"date":"2025-09-13T17:13:44","date_gmt":"2025-09-13T17:13:44","guid":{"rendered":"https:\/\/atelcab.com\/?page_id=15"},"modified":"2026-05-02T16:26:52","modified_gmt":"2026-05-02T16:26:52","slug":"produtos-e-servicos","status":"publish","type":"page","link":"https:\/\/atelcab.com\/en\/produtos-e-servicos\/","title":{"rendered":"Products and Services"},"content":{"rendered":"<div data-elementor-type=\"wp-page\" data-elementor-id=\"15\" class=\"elementor elementor-15\">\n\t\t\t\t<div class=\"elementor-element elementor-element-d060283 e-flex e-con-boxed e-con e-parent\" data-id=\"d060283\" data-element_type=\"container\" data-e-type=\"container\" data-settings=\"{&quot;background_background&quot;:&quot;classic&quot;}\">\n\t\t\t\t\t<div class=\"e-con-inner\">\n\t\t\t\t<div class=\"elementor-element elementor-element-819b329 elementor-widget elementor-widget-heading\" data-id=\"819b329\" data-element_type=\"widget\" data-e-type=\"widget\" data-widget_type=\"heading.default\">\n\t\t\t\t\t<h2 class=\"elementor-heading-title elementor-size-default\">SERVICES<br><\/h2>\t\t\t\t<\/div>\n\t\t\t\t<div class=\"elementor-element elementor-element-f902b08 elementor-widget elementor-widget-text-editor\" data-id=\"f902b08\" data-element_type=\"widget\" data-e-type=\"widget\" data-widget_type=\"text-editor.default\">\n\t\t\t\t\t\t\t\t\t<p data-start=\"1936\" data-end=\"2035\">ATELCAB offers a diverse catalog of services in the electrical sector and related areas:<\/p><p>\u00a0 \u00a0 \u00a0<\/p><ul data-start=\"2037\" data-end=\"2884\"><li data-start=\"2037\" data-end=\"2102\"><p data-start=\"2039\" data-end=\"2102\">Construction and maintenance of <strong data-start=\"2066\" data-end=\"2100\">medium and low voltage lines<\/strong><\/p><\/li><li data-start=\"2103\" data-end=\"2178\"><p data-start=\"2105\" data-end=\"2178\">Installation and maintenance of <strong data-start=\"2132\" data-end=\"2159\">transformation stations<\/strong> (cabin and air)<\/p><\/li><li data-start=\"2179\" data-end=\"2232\"><p data-start=\"2181\" data-end=\"2232\">Installation and maintenance of <strong data-start=\"2208\" data-end=\"2230\">public lighting<\/strong><\/p><\/li><li data-start=\"2233\" data-end=\"2311\"><p data-start=\"2235\" data-end=\"2311\">Installation, maintenance and repair of <strong data-start=\"2275\" data-end=\"2309\">industrial electrical systems<\/strong><\/p><\/li><li data-start=\"2312\" data-end=\"2375\"><p data-start=\"2314\" data-end=\"2375\">Installation and maintenance of <strong data-start=\"2341\" data-end=\"2373\">HVAC (air conditioning) systems<\/strong><\/p><\/li><li data-start=\"2376\" data-end=\"2445\"><p data-start=\"2378\" data-end=\"2445\">Installation and maintenance of <strong data-start=\"2405\" data-end=\"2443\">video surveillance systems (CCTV)<\/strong><\/p><\/li><li data-start=\"2446\" data-end=\"2521\"><p data-start=\"2448\" data-end=\"2521\">Installation and maintenance of <strong data-start=\"2475\" data-end=\"2519\">security systems with electric fence<\/strong><\/p><\/li><li data-start=\"2522\" data-end=\"2597\"><p data-start=\"2524\" data-end=\"2597\">Installation and maintenance of <strong data-start=\"2551\" data-end=\"2595\">photovoltaic systems (solar panels)<\/strong><\/p><\/li><li data-start=\"2598\" data-end=\"2652\"><p data-start=\"2600\" data-end=\"2652\">Installation and maintenance of <strong data-start=\"2627\" data-end=\"2650\">electrical generators<\/strong><\/p><\/li><li data-start=\"2653\" data-end=\"2726\"><p data-start=\"2655\" data-end=\"2726\">Installation of <strong data-start=\"2669\" data-end=\"2724\">hydraulic units, pumps and control systems<\/strong><\/p><\/li><li data-start=\"2831\" data-end=\"2884\"><strong>Installation of solar panels\u00a0<\/strong><\/li><li data-start=\"2727\" data-end=\"2776\"><p data-start=\"2729\" data-end=\"2776\">Manufacturing and supplying <strong data-start=\"2755\" data-end=\"2774\">concrete posts<\/strong><\/p><\/li><li data-start=\"2777\" data-end=\"2830\"><p data-start=\"2779\" data-end=\"2830\">Supply of medium and low voltage materials<\/p><\/li><li data-start=\"2831\" data-end=\"2884\"><p data-start=\"2833\" data-end=\"2884\">Technical and commercial services for <strong data-start=\"2871\" data-end=\"2882\">ENDE-EP<\/strong><\/p><\/li><\/ul>\t\t\t\t\t\t\t\t<\/div>\n\t\t\t\t<div class=\"elementor-element elementor-element-f9774d7 elementor-widget elementor-widget-button\" data-id=\"f9774d7\" data-element_type=\"widget\" data-e-type=\"widget\" data-widget_type=\"button.default\">\n\t\t\t\t\t\t\t\t\t\t<a class=\"elementor-button elementor-button-link elementor-size-sm\" href=\"https:\/\/api.whatsapp.com\/send?phone=244942680104&#038;text=\">\n\t\t\t\t\t\t<span class=\"elementor-button-content-wrapper\">\n\t\t\t\t\t\t<span class=\"elementor-button-icon\">\n\t\t\t\t<svg aria-hidden=\"true\" class=\"e-font-icon-svg e-fab-whatsapp\" viewbox=\"0 0 448 512\" xmlns=\"http:\/\/www.w3.org\/2000\/svg\"><path d=\"M380.9 97.1C339 55.1 283.2 32 223.9 32c-122.4 0-222 99.6-222 222 0 39.1 10.2 77.3 29.6 111L0 480l117.7-30.9c32.4 17.7 68.9 27 106.1 27h.1c122.3 0 224.1-99.6 224.1-222 0-59.3-25.2-115-67.1-157zm-157 341.6c-33.2 0-65.7-8.9-94-25.7l-6.7-4-69.8 18.3L72 359.2l-4.4-7c-18.5-29.4-28.2-63.3-28.2-98.2 0-101.7 82.8-184.5 184.6-184.5 49.3 0 95.6 19.2 130.4 54.1 34.8 34.9 56.2 81.2 56.1 130.5 0 101.8-84.9 184.6-186.6 184.6zm101.2-138.2c-5.5-2.8-32.8-16.2-37.9-18-5.1-1.9-8.8-2.8-12.5 2.8-3.7 5.6-14.3 18-17.6 21.8-3.2 3.7-6.5 4.2-12 1.4-32.6-16.3-54-29.1-75.5-66-5.7-9.8 5.7-9.1 16.3-30.3 1.8-3.7.9-6.9-.5-9.7-1.4-2.8-12.5-30.1-17.1-41.2-4.5-10.8-9.1-9.3-12.5-9.5-3.2-.2-6.9-.2-10.6-.2-3.7 0-9.7 1.4-14.8 6.9-5.1 5.6-19.4 19-19.4 46.3 0 27.3 19.9 53.7 22.6 57.4 2.8 3.7 39.1 59.7 94.8 83.8 35.2 15.2 49 16.5 66.6 13.9 10.7-1.6 32.8-13.4 37.4-26.4 4.6-13 4.6-24.1 3.2-26.4-1.3-2.5-5-3.9-10.5-6.6z\"><\/path><\/svg>\t\t\t<\/span>\n\t\t\t\t\t\t\t\t\t<span class=\"elementor-button-text\">GET IN TOUCH<\/span>\n\t\t\t\t\t<\/span>\n\t\t\t\t\t<\/a>\n\t\t\t\t\t\t\t\t<\/div>\n\t\t\t\t\t<\/div>\n\t\t\t\t<\/div>\n\t\t\t\t<\/div>","protected":false},"excerpt":{"rendered":"<p>SERVI\u00c7OS A ATELCAB oferece um cat\u00e1logo diversificado de servi\u00e7os no setor el\u00e9trico e \u00e1reas complementares: \u00a0 \u00a0 \u00a0 Constru\u00e7\u00e3o e manuten\u00e7\u00e3o de linhas de m\u00e9dia e baixa tens\u00e3o Instala\u00e7\u00e3o e manuten\u00e7\u00e3o de postos de transforma\u00e7\u00e3o (cabine e a\u00e9reo) Instala\u00e7\u00e3o e manuten\u00e7\u00e3o de ilumina\u00e7\u00e3o p\u00fablica Instala\u00e7\u00e3o, manuten\u00e7\u00e3o e recupera\u00e7\u00e3o de sistemas el\u00e9tricos industriais Instala\u00e7\u00e3o e manuten\u00e7\u00e3o [&hellip;]<\/p>\n","protected":false},"author":1,"featured_media":0,"parent":0,"menu_order":0,"comment_status":"closed","ping_status":"closed","template":"","meta":{"footnotes":""},"class_list":["post-15","page","type-page","status-publish","hentry"],"_hostinger_reach_plugin_has_subscription_block":false,"_hostinger_reach_plugin_is_elementor":false,"_links":{"self":[{"href":"https:\/\/atelcab.com\/en\/wp-json\/wp\/v2\/pages\/15","targetHints":{"allow":["GET"]}}],"collection":[{"href":"https:\/\/atelcab.com\/en\/wp-json\/wp\/v2\/pages"}],"about":[{"href":"https:\/\/atelcab.com\/en\/wp-json\/wp\/v2\/types\/page"}],"author":[{"embeddable":true,"href":"https:\/\/atelcab.com\/en\/wp-json\/wp\/v2\/users\/1"}],"replies":[{"embeddable":true,"href":"https:\/\/atelcab.com\/en\/wp-json\/wp\/v2\/comments?post=15"}],"version-history":[{"count":18,"href":"https:\/\/atelcab.com\/en\/wp-json\/wp\/v2\/pages\/15\/revisions"}],"predecessor-version":[{"id":728,"href":"https:\/\/atelcab.com\/en\/wp-json\/wp\/v2\/pages\/15\/revisions\/728"}],"wp:attachment":[{"href":"https:\/\/atelcab.com\/en\/wp-json\/wp\/v2\/media?parent=15"}],"curies":[{"name":"wp","href":"https:\/\/api.w.org\/{rel}","templated":true}]}}