{"id":13,"date":"2025-09-13T17:13:17","date_gmt":"2025-09-13T17:13:17","guid":{"rendered":"https:\/\/atelcab.com\/?page_id=13"},"modified":"2025-09-14T13:29:16","modified_gmt":"2025-09-14T13:29:16","slug":"sobre-nos","status":"publish","type":"page","link":"https:\/\/atelcab.com\/en\/sobre-nos\/","title":{"rendered":"About Us"},"content":{"rendered":"<div data-elementor-type=\"wp-page\" data-elementor-id=\"13\" class=\"elementor elementor-13\">\n\t\t\t\t<div class=\"elementor-element elementor-element-587238f e-flex e-con-boxed e-con e-parent\" data-id=\"587238f\" data-element_type=\"container\" data-e-type=\"container\" data-settings=\"{&quot;background_background&quot;:&quot;classic&quot;}\">\n\t\t\t\t\t<div class=\"e-con-inner\">\n\t\t<div class=\"elementor-element elementor-element-0a0f4d3 e-con-full e-flex e-con e-child\" data-id=\"0a0f4d3\" data-element_type=\"container\" data-e-type=\"container\">\n\t\t\t\t<div class=\"elementor-element elementor-element-49e1c15 elementor-widget__width-initial elementor-widget elementor-widget-heading\" data-id=\"49e1c15\" data-element_type=\"widget\" data-e-type=\"widget\" data-widget_type=\"heading.default\">\n\t\t\t\t\t<h2 class=\"elementor-heading-title elementor-size-default\">ATELCAB, LDA \u2013 Aplica\u00e7\u00e3o Tecnologia de Electricidade Limitada was founded on September 1, 1997, in Cabinda, Angola. Since then, it has established itself as a leading company in the electrical sector, operating in the construction, design, and maintenance of electrical systems.\n<\/h2>\t\t\t\t<\/div>\n\t\t\t\t<div class=\"elementor-element elementor-element-815bcf5 elementor-widget elementor-widget-heading\" data-id=\"815bcf5\" data-element_type=\"widget\" data-e-type=\"widget\" data-widget_type=\"heading.default\">\n\t\t\t\t\t<h2 class=\"elementor-heading-title elementor-size-default\"><u><b>Our Mission<\/b><\/u><\/h2>\t\t\t\t<\/div>\n\t\t\t\t<div class=\"elementor-element elementor-element-6b64654 elementor-widget elementor-widget-heading\" data-id=\"6b64654\" data-element_type=\"widget\" data-e-type=\"widget\" data-widget_type=\"heading.default\">\n\t\t\t\t\t<h2 class=\"elementor-heading-title elementor-size-default\">To offer electrical goods and services with quality, efficiency and integrity, meeting the needs and exceeding the expectations of customers and partners.<\/h2>\t\t\t\t<\/div>\n\t\t\t\t<div class=\"elementor-element elementor-element-91b316d elementor-widget elementor-widget-heading\" data-id=\"91b316d\" data-element_type=\"widget\" data-e-type=\"widget\" data-widget_type=\"heading.default\">\n\t\t\t\t\t<h2 class=\"elementor-heading-title elementor-size-default\"><u><b>Our Vision<\/b><\/u><\/h2>\t\t\t\t<\/div>\n\t\t\t\t<div class=\"elementor-element elementor-element-13bab22 elementor-widget elementor-widget-heading\" data-id=\"13bab22\" data-element_type=\"widget\" data-e-type=\"widget\" data-widget_type=\"heading.default\">\n\t\t\t\t\t<h2 class=\"elementor-heading-title elementor-size-default\">To be a reliable, innovative company, nationally recognized for excellence in energy services and solutions.<\/h2>\t\t\t\t<\/div>\n\t\t\t\t<div class=\"elementor-element elementor-element-b7e9118 elementor-widget elementor-widget-heading\" data-id=\"b7e9118\" data-element_type=\"widget\" data-e-type=\"widget\" data-widget_type=\"heading.default\">\n\t\t\t\t\t<h2 class=\"elementor-heading-title elementor-size-default\"><u><b>Our Values<\/b><\/u><\/h2>\t\t\t\t<\/div>\n\t\t\t\t<div class=\"elementor-element elementor-element-c41222e elementor-widget elementor-widget-text-editor\" data-id=\"c41222e\" data-element_type=\"widget\" data-e-type=\"widget\" data-widget_type=\"text-editor.default\">\n\t\t\t\t\t\t\t\t\t<ul><li data-start=\"1579\" data-end=\"1594\"><p data-start=\"1581\" data-end=\"1594\">Integrity<\/p><\/li><li data-start=\"1595\" data-end=\"1615\"><p data-start=\"1597\" data-end=\"1615\">Responsibility<\/p><\/li><li data-start=\"1616\" data-end=\"1636\"><p data-start=\"1618\" data-end=\"1636\">Responsibility<\/p><\/li><li data-start=\"1637\" data-end=\"1650\"><p data-start=\"1639\" data-end=\"1650\">Quality<\/p><\/li><li data-start=\"1651\" data-end=\"1675\"><p data-start=\"1653\" data-end=\"1675\">Cost optimization<\/p><\/li><\/ul>\t\t\t\t\t\t\t\t<\/div>\n\t\t\t\t<div class=\"elementor-element elementor-element-2855f83 elementor-widget elementor-widget-heading\" data-id=\"2855f83\" data-element_type=\"widget\" data-e-type=\"widget\" data-widget_type=\"heading.default\">\n\t\t\t\t\t<h2 class=\"elementor-heading-title elementor-size-default\"><b><u>Our Team<\/u><\/b><\/h2>\t\t\t\t<\/div>\n\t\t\t\t<div class=\"elementor-element elementor-element-4e05379 elementor-widget elementor-widget-heading\" data-id=\"4e05379\" data-element_type=\"widget\" data-e-type=\"widget\" data-widget_type=\"heading.default\">\n\t\t\t\t\t<h2 class=\"elementor-heading-title elementor-size-default\">We have over 122 employees, including engineers, electrical and mechanical technicians, locksmiths, plumbers, designers, surveyors, and administrative professionals, all certified and experienced.<\/h2>\t\t\t\t<\/div>\n\t\t\t\t<\/div>\n\t\t\t\t\t<\/div>\n\t\t\t\t<\/div>\n\t\t\t\t<\/div>","protected":false},"excerpt":{"rendered":"<p>A ATELCAB, LDA \u2013 Aplica\u00e7\u00e3o Tecnologia de Electricidade Limitada foi fundada em 1 de setembro de 1997, em Cabinda, Angola. Desde ent\u00e3o, consolidou-se como uma empresa de refer\u00eancia no sector el\u00e9ctrico, atuando em constru\u00e7\u00f5es, projectos e manuten\u00e7\u00e3o de sistemas el\u00e9ctricos. Nossa Miss\u00e3o Oferecer bens e servi\u00e7os el\u00e9ctricos com qualidade, efici\u00eancia e integridade, atendendo \u00e0s necessidades [&hellip;]<\/p>\n","protected":false},"author":1,"featured_media":0,"parent":0,"menu_order":0,"comment_status":"closed","ping_status":"closed","template":"","meta":{"footnotes":""},"class_list":["post-13","page","type-page","status-publish","hentry"],"_hostinger_reach_plugin_has_subscription_block":false,"_hostinger_reach_plugin_is_elementor":false,"_links":{"self":[{"href":"https:\/\/atelcab.com\/en\/wp-json\/wp\/v2\/pages\/13","targetHints":{"allow":["GET"]}}],"collection":[{"href":"https:\/\/atelcab.com\/en\/wp-json\/wp\/v2\/pages"}],"about":[{"href":"https:\/\/atelcab.com\/en\/wp-json\/wp\/v2\/types\/page"}],"author":[{"embeddable":true,"href":"https:\/\/atelcab.com\/en\/wp-json\/wp\/v2\/users\/1"}],"replies":[{"embeddable":true,"href":"https:\/\/atelcab.com\/en\/wp-json\/wp\/v2\/comments?post=13"}],"version-history":[{"count":46,"href":"https:\/\/atelcab.com\/en\/wp-json\/wp\/v2\/pages\/13\/revisions"}],"predecessor-version":[{"id":302,"href":"https:\/\/atelcab.com\/en\/wp-json\/wp\/v2\/pages\/13\/revisions\/302"}],"wp:attachment":[{"href":"https:\/\/atelcab.com\/en\/wp-json\/wp\/v2\/media?parent=13"}],"curies":[{"name":"wp","href":"https:\/\/api.w.org\/{rel}","templated":true}]}}