{"id":11,"date":"2025-09-13T17:10:58","date_gmt":"2025-09-13T17:10:58","guid":{"rendered":"https:\/\/atelcab.com\/?page_id=11"},"modified":"2026-05-12T09:48:14","modified_gmt":"2026-05-12T09:48:14","slug":"inicio","status":"publish","type":"page","link":"https:\/\/atelcab.com\/en\/","title":{"rendered":"Start"},"content":{"rendered":"<div data-elementor-type=\"wp-page\" data-elementor-id=\"11\" class=\"elementor elementor-11\">\n\t\t\t\t<div class=\"elementor-element elementor-element-bf77b7d e-con-full e-flex e-con e-parent\" data-id=\"bf77b7d\" data-element_type=\"container\" data-e-type=\"container\">\n\t\t\t\t<div class=\"elementor-element elementor-element-2eac351 elementor-arrows-position-inside elementor-pagination-position-outside elementor-widget elementor-widget-image-carousel\" data-id=\"2eac351\" data-element_type=\"widget\" data-e-type=\"widget\" data-settings=\"{&quot;navigation&quot;:&quot;both&quot;,&quot;autoplay&quot;:&quot;yes&quot;,&quot;pause_on_hover&quot;:&quot;yes&quot;,&quot;pause_on_interaction&quot;:&quot;yes&quot;,&quot;autoplay_speed&quot;:5000,&quot;infinite&quot;:&quot;yes&quot;,&quot;speed&quot;:500}\" data-widget_type=\"image-carousel.default\">\n\t\t\t\t\t\t\t<div class=\"elementor-image-carousel-wrapper swiper\" role=\"region\" aria-roledescription=\"carousel\" aria-label=\"Image carousel\" dir=\"ltr\">\n\t\t\t<div class=\"elementor-image-carousel swiper-wrapper\" aria-live=\"off\">\n\t\t\t\t\t\t\t\t<div class=\"swiper-slide\" role=\"group\" aria-roledescription=\"slide\" aria-label=\"1 de 9\"><figure class=\"swiper-slide-inner\"><img decoding=\"async\" class=\"swiper-slide-image\" src=\"https:\/\/atelcab.com\/wp-content\/uploads\/2026\/04\/Design-sem-nome-10.png\" alt=\"Design sem nome (10)\" \/><\/figure><\/div><div class=\"swiper-slide\" role=\"group\" aria-roledescription=\"slide\" aria-label=\"2 de 9\"><figure class=\"swiper-slide-inner\"><img decoding=\"async\" class=\"swiper-slide-image\" src=\"https:\/\/atelcab.com\/wp-content\/uploads\/2026\/04\/Design-sem-nome-4-1.png\" alt=\"Design sem nome (4)\" \/><\/figure><\/div><div class=\"swiper-slide\" role=\"group\" aria-roledescription=\"slide\" aria-label=\"3 de 9\"><figure class=\"swiper-slide-inner\"><img decoding=\"async\" class=\"swiper-slide-image\" src=\"https:\/\/atelcab.com\/wp-content\/uploads\/2026\/04\/Design-sem-nome-3-2.png\" alt=\"Design sem nome (3)\" \/><\/figure><\/div><div class=\"swiper-slide\" role=\"group\" aria-roledescription=\"slide\" aria-label=\"4 de 9\"><figure class=\"swiper-slide-inner\"><img decoding=\"async\" class=\"swiper-slide-image\" src=\"https:\/\/atelcab.com\/wp-content\/uploads\/2026\/04\/Design-sem-nome-4-2.png\" alt=\"Design sem nome (4)\" \/><\/figure><\/div><div class=\"swiper-slide\" role=\"group\" aria-roledescription=\"slide\" aria-label=\"5 de 9\"><figure class=\"swiper-slide-inner\"><img decoding=\"async\" class=\"swiper-slide-image\" src=\"https:\/\/atelcab.com\/wp-content\/uploads\/2026\/04\/Design-sem-nome-7.png\" alt=\"Design sem nome (7)\" \/><\/figure><\/div><div class=\"swiper-slide\" role=\"group\" aria-roledescription=\"slide\" aria-label=\"6 de 9\"><figure class=\"swiper-slide-inner\"><img decoding=\"async\" class=\"swiper-slide-image\" src=\"https:\/\/atelcab.com\/wp-content\/uploads\/2026\/04\/Design-sem-nome-6.png\" alt=\"Design sem nome (6)\" \/><\/figure><\/div><div class=\"swiper-slide\" role=\"group\" aria-roledescription=\"slide\" aria-label=\"7 de 9\"><figure class=\"swiper-slide-inner\"><img decoding=\"async\" class=\"swiper-slide-image\" src=\"https:\/\/atelcab.com\/wp-content\/uploads\/2026\/04\/Design-sem-nome-3-1.png\" alt=\"Design sem nome (3)\" \/><\/figure><\/div><div class=\"swiper-slide\" role=\"group\" aria-roledescription=\"slide\" aria-label=\"8 de 9\"><figure class=\"swiper-slide-inner\"><img decoding=\"async\" class=\"swiper-slide-image\" src=\"https:\/\/atelcab.com\/wp-content\/uploads\/2026\/04\/Design-sem-nome-11.png\" alt=\"Design sem nome (11)\" \/><\/figure><\/div><div class=\"swiper-slide\" role=\"group\" aria-roledescription=\"slide\" aria-label=\"9 de 9\"><figure class=\"swiper-slide-inner\"><img decoding=\"async\" class=\"swiper-slide-image\" src=\"https:\/\/atelcab.com\/wp-content\/uploads\/2026\/04\/Design-sem-nome-12.png\" alt=\"Design sem nome (12)\" \/><\/figure><\/div>\t\t\t<\/div>\n\t\t\t\t\t\t\t\t\t\t\t\t<div class=\"elementor-swiper-button elementor-swiper-button-prev\" role=\"button\" tabindex=\"0\">\n\t\t\t\t\t\t<svg aria-hidden=\"true\" class=\"e-font-icon-svg e-eicon-chevron-left\" viewbox=\"0 0 1000 1000\" xmlns=\"http:\/\/www.w3.org\/2000\/svg\"><path d=\"M646 125C629 125 613 133 604 142L308 442C296 454 292 471 292 487 292 504 296 521 308 533L604 854C617 867 629 875 646 875 663 875 679 871 692 858 704 846 713 829 713 812 713 796 708 779 692 767L438 487 692 225C700 217 708 204 708 187 708 171 704 154 692 142 675 129 663 125 646 125Z\"><\/path><\/svg>\t\t\t\t\t<\/div>\n\t\t\t\t\t<div class=\"elementor-swiper-button elementor-swiper-button-next\" role=\"button\" tabindex=\"0\">\n\t\t\t\t\t\t<svg aria-hidden=\"true\" class=\"e-font-icon-svg e-eicon-chevron-right\" viewbox=\"0 0 1000 1000\" xmlns=\"http:\/\/www.w3.org\/2000\/svg\"><path d=\"M696 533C708 521 713 504 713 487 713 471 708 454 696 446L400 146C388 133 375 125 354 125 338 125 325 129 313 142 300 154 292 171 292 187 292 204 296 221 308 233L563 492 304 771C292 783 288 800 288 817 288 833 296 850 308 863 321 871 338 875 354 875 371 875 388 867 400 854L696 533Z\"><\/path><\/svg>\t\t\t\t\t<\/div>\n\t\t\t\t\n\t\t\t\t\t\t\t\t\t<div class=\"swiper-pagination\"><\/div>\n\t\t\t\t\t\t\t\t\t<\/div>\n\t\t\t\t\t\t<\/div>\n\t\t\t\t<\/div>\n\t\t<div class=\"elementor-element elementor-element-a29b078 e-flex e-con-boxed e-con e-parent\" data-id=\"a29b078\" data-element_type=\"container\" data-e-type=\"container\">\n\t\t\t\t\t<div class=\"e-con-inner\">\n\t\t\t\t<div class=\"elementor-element elementor-element-d0c42a3 elementor-widget elementor-widget-heading\" data-id=\"d0c42a3\" data-element_type=\"widget\" data-e-type=\"widget\" data-widget_type=\"heading.default\">\n\t\t\t\t\t<h2 class=\"elementor-heading-title elementor-size-default\">Welcome to ATELCAB<\/h2>\t\t\t\t<\/div>\n\t\t\t\t\t<\/div>\n\t\t\t\t<\/div>\n\t\t<div class=\"elementor-element elementor-element-4ba39ce e-flex e-con-boxed e-con e-parent\" data-id=\"4ba39ce\" data-element_type=\"container\" data-e-type=\"container\">\n\t\t\t\t\t<div class=\"e-con-inner\">\n\t\t<div class=\"elementor-element elementor-element-e0fd271 e-con-full e-flex e-con e-child\" data-id=\"e0fd271\" data-element_type=\"container\" data-e-type=\"container\">\n\t\t\t\t<div class=\"elementor-element elementor-element-11d7d41 elementor-widget__width-initial elementor-widget elementor-widget-text-editor\" data-id=\"11d7d41\" data-element_type=\"widget\" data-e-type=\"widget\" data-widget_type=\"text-editor.default\">\n\t\t\t\t\t\t\t\t\t<p class=\"first:mt-1.5!\"><strong>Welcome to ATELCAB, LDA \u2013 Electrical Technology Application.<\/strong><\/p><p class=\"first:mt-1.5!\">With over 29 years of experience in the electrical sector, ATELCAB, LDA has established itself as a leading company in Angola, standing out for its competence, solidity, and commitment to excellence in service provision. Throughout its history, the company has consolidated its market presence through the execution of electrical constructions, project development, and electrical maintenance services, always with high standards of quality, safety, and efficiency.<\/p><p class=\"first:mt-1.5!\">A ATELCAB conta com uma equipe composta por 113 profissionais variados, preparada para responder com rigor t\u00e9cnico \u00e0s mais diversas discuss\u00f5es do setor. O conhecimento acumulado, aliado \u00e0 experi\u00eancia pr\u00e1tica e \u00e0 constante busca por inova\u00e7\u00e3o, permite \u00e0 empresa oferecer solu\u00e7\u00f5es energ\u00e9ticas modernas, fi\u00e1veis \u200b\u200be ajustadas \u00e0s necessidades espec\u00edficas de cada cliente.<\/p><p class=\"first:mt-1.5!\">More than just a service provider, ATELCAB, LDA is a strategic partner in supplying electrical solutions, committed to progress, trust, and energy sustainability.<\/p>\t\t\t\t\t\t\t\t<\/div>\n\t\t\t\t<div class=\"elementor-element elementor-element-67e0fed elementor-widget-divider--view-line elementor-widget elementor-widget-divider\" data-id=\"67e0fed\" data-element_type=\"widget\" data-e-type=\"widget\" data-widget_type=\"divider.default\">\n\t\t\t\t\t\t\t<div class=\"elementor-divider\">\n\t\t\t<span class=\"elementor-divider-separator\">\n\t\t\t\t\t\t<\/span>\n\t\t<\/div>\n\t\t\t\t\t\t<\/div>\n\t\t\t\t<div class=\"elementor-element elementor-element-27f97bb elementor-widget elementor-widget-text-editor\" data-id=\"27f97bb\" data-element_type=\"widget\" data-e-type=\"widget\" data-widget_type=\"text-editor.default\">\n\t\t\t\t\t\t\t\t\t<h3 data-section-id=\"644wjq\" data-start=\"89\" data-end=\"104\"><span role=\"text\"><strong data-start=\"93\" data-end=\"102\">Vision<\/strong><\/span><\/h3>\t\t\t\t\t\t\t\t<\/div>\n\t\t\t\t<div class=\"elementor-element elementor-element-d027d1e elementor-widget elementor-widget-text-editor\" data-id=\"d027d1e\" data-element_type=\"widget\" data-e-type=\"widget\" data-widget_type=\"text-editor.default\">\n\t\t\t\t\t\t\t\t\t<p>To be a leading company in Angola in the electrical infrastructure sector, recognized for quality, innovation, and positive impact on the country's energy development.<\/p>\t\t\t\t\t\t\t\t<\/div>\n\t\t\t\t<div class=\"elementor-element elementor-element-28ba708 elementor-widget elementor-widget-text-editor\" data-id=\"28ba708\" data-element_type=\"widget\" data-e-type=\"widget\" data-widget_type=\"text-editor.default\">\n\t\t\t\t\t\t\t\t\t<h3 data-section-id=\"1afqaku\" data-start=\"285\" data-end=\"301\"><span role=\"text\"><strong data-start=\"289\" data-end=\"299\">Mission<\/strong><\/span><\/h3>\t\t\t\t\t\t\t\t<\/div>\n\t\t\t\t<div class=\"elementor-element elementor-element-c8a5fa2 elementor-widget elementor-widget-text-editor\" data-id=\"c8a5fa2\" data-element_type=\"widget\" data-e-type=\"widget\" data-widget_type=\"text-editor.default\">\n\t\t\t\t\t\t\t\t\t<p>To contribute to the development of electrical infrastructure in Angola by offering efficient, safe, and innovative solutions, with excellence in serving public and private clients, guaranteeing durability, quality, and compliance with best industry practices.<\/p>\t\t\t\t\t\t\t\t<\/div>\n\t\t\t\t<div class=\"elementor-element elementor-element-a692db3 elementor-widget elementor-widget-text-editor\" data-id=\"a692db3\" data-element_type=\"widget\" data-e-type=\"widget\" data-widget_type=\"text-editor.default\">\n\t\t\t\t\t\t\t\t\t<h3 data-section-id=\"itmqra\" data-start=\"580\" data-end=\"597\"><span role=\"text\"><strong data-start=\"584\" data-end=\"595\">Values<\/strong><\/span><\/h3>\t\t\t\t\t\t\t\t<\/div>\n\t\t\t\t<div class=\"elementor-element elementor-element-12c710c elementor-widget elementor-widget-text-editor\" data-id=\"12c710c\" data-element_type=\"widget\" data-e-type=\"widget\" data-widget_type=\"text-editor.default\">\n\t\t\t\t\t\t\t\t\t<p data-start=\"599\" data-end=\"730\"><strong data-start=\"599\" data-end=\"633\">1. Commitment to Quality<\/strong><br data-start=\"633\" data-end=\"636\" \/>To execute projects with high technical standards, ensuring the durability and efficiency of the solutions.<\/p><p data-start=\"732\" data-end=\"839\"><strong data-start=\"732\" data-end=\"755\">2. Responsibility<\/strong><br data-start=\"755\" data-end=\"758\" \/>To act ethically, transparently, and with respect for regulations, clients, and the environment.<\/p><p data-start=\"841\" data-end=\"945\"><strong data-start=\"841\" data-end=\"856\">3. Innovation<\/strong><br data-start=\"856\" data-end=\"859\" \/>Constantly seeking new technologies and methods to improve the services provided.<\/p><p data-start=\"947\" data-end=\"1043\"><strong data-start=\"947\" data-end=\"970\">4. Professionalism<\/strong><br data-start=\"970\" data-end=\"973\" \/>To conduct each project with seriousness, competence, and a focus on results.<\/p><p data-start=\"1045\" data-end=\"1168\"><strong data-start=\"1045\" data-end=\"1067\">5. Customer Focus<\/strong><br data-start=\"1067\" data-end=\"1070\" \/>Prioritize customer satisfaction by offering customized solutions and excellent service.<\/p><p data-start=\"1170\" data-end=\"1296\"><strong data-start=\"1170\" data-end=\"1186\">6. Security<\/strong><br data-start=\"1186\" data-end=\"1189\" \/>To ensure safety at all stages of projects, protecting employees, clients, and infrastructure.<\/p>\t\t\t\t\t\t\t\t<\/div>\n\t\t\t\t<div class=\"elementor-element elementor-element-1222507 elementor-widget-divider--view-line elementor-widget elementor-widget-divider\" data-id=\"1222507\" data-element_type=\"widget\" data-e-type=\"widget\" data-widget_type=\"divider.default\">\n\t\t\t\t\t\t\t<div class=\"elementor-divider\">\n\t\t\t<span class=\"elementor-divider-separator\">\n\t\t\t\t\t\t<\/span>\n\t\t<\/div>\n\t\t\t\t\t\t<\/div>\n\t\t\t\t<\/div>\n\t\t<div class=\"elementor-element elementor-element-8a1be24 e-con-full e-flex e-con e-child\" data-id=\"8a1be24\" data-element_type=\"container\" data-e-type=\"container\">\n\t\t\t\t<\/div>\n\t\t\t\t\t<\/div>\n\t\t\t\t<\/div>\n\t\t<div class=\"elementor-element elementor-element-cfe8b5d e-flex e-con-boxed e-con e-parent\" data-id=\"cfe8b5d\" data-element_type=\"container\" data-e-type=\"container\">\n\t\t\t\t\t<div class=\"e-con-inner\">\n\t\t<div class=\"elementor-element elementor-element-213dce3 e-con-full e-flex e-con e-child\" data-id=\"213dce3\" data-element_type=\"container\" data-e-type=\"container\">\n\t\t\t\t<\/div>\n\t\t\t\t<div class=\"elementor-element elementor-element-a5e5de6 elementor-widget elementor-widget-spacer\" data-id=\"a5e5de6\" data-element_type=\"widget\" data-e-type=\"widget\" data-widget_type=\"spacer.default\">\n\t\t\t\t\t\t\t<div class=\"elementor-spacer\">\n\t\t\t<div class=\"elementor-spacer-inner\"><\/div>\n\t\t<\/div>\n\t\t\t\t\t\t<\/div>\n\t\t<div class=\"elementor-element elementor-element-5684937 e-con-full e-flex e-con e-child\" data-id=\"5684937\" data-element_type=\"container\" data-e-type=\"container\">\n\t\t\t\t<div class=\"elementor-element elementor-element-e0f61ec elementor-widget__width-initial elementor-widget elementor-widget-image\" data-id=\"e0f61ec\" data-element_type=\"widget\" data-e-type=\"widget\" data-widget_type=\"image.default\">\n\t\t\t\t\t\t\t\t\t\t\t\t\t\t\t<img fetchpriority=\"high\" decoding=\"async\" width=\"800\" height=\"450\" src=\"https:\/\/atelcab.com\/wp-content\/uploads\/2026\/04\/Adicionar-um-titulo-2-1024x576.jpg\" class=\"attachment-large size-large wp-image-673\" alt=\"\" srcset=\"https:\/\/atelcab.com\/wp-content\/uploads\/2026\/04\/Adicionar-um-titulo-2-1024x576.jpg 1024w, https:\/\/atelcab.com\/wp-content\/uploads\/2026\/04\/Adicionar-um-titulo-2-300x169.jpg 300w, https:\/\/atelcab.com\/wp-content\/uploads\/2026\/04\/Adicionar-um-titulo-2-768x432.jpg 768w, https:\/\/atelcab.com\/wp-content\/uploads\/2026\/04\/Adicionar-um-titulo-2-1536x864.jpg 1536w, https:\/\/atelcab.com\/wp-content\/uploads\/2026\/04\/Adicionar-um-titulo-2.jpg 1920w\" sizes=\"(max-width: 800px) 100vw, 800px\" \/>\t\t\t\t\t\t\t\t\t\t\t\t\t\t\t<\/div>\n\t\t\t\t<\/div>\n\t\t\t\t\t<\/div>\n\t\t\t\t<\/div>\n\t\t<div class=\"elementor-element elementor-element-192d7b0 e-flex e-con-boxed e-con e-parent\" data-id=\"192d7b0\" data-element_type=\"container\" data-e-type=\"container\">\n\t\t\t\t\t<div class=\"e-con-inner\">\n\t\t\t\t<div class=\"elementor-element elementor-element-bb78819 elementor-widget elementor-widget-text-editor\" data-id=\"bb78819\" data-element_type=\"widget\" data-e-type=\"widget\" data-widget_type=\"text-editor.default\">\n\t\t\t\t\t\t\t\t\t<p data-start=\"0\" data-end=\"307\">This image shows a map of <span class=\"hover:entity-accent entity-underline inline cursor-pointer align-baseline\">Angola<\/span> highlighting the provinces where ATELCAB has already provided its services. The areas marked in light blue represent the regions served, demonstrating the company's presence and coverage in different strategic points of the country.<\/p><p data-start=\"309\" data-end=\"475\" data-is-last-node=\"\" data-is-only-node=\"\">The map highlights the company's commitment to expanding its operations and bringing quality solutions to various locations, reinforcing its presence nationwide.<\/p>\t\t\t\t\t\t\t\t<\/div>\n\t\t\t\t\t<\/div>\n\t\t\t\t<\/div>\n\t\t\t\t<\/div>","protected":false},"excerpt":{"rendered":"<p>Bem-vindo a ATELCAB Bem-vindo \u00e0 ATELCAB, LDA \u2013 Aplica\u00e7\u00e3o Tecnologia de Electricidade. Com mais de 29 anos de experi\u00eancia no setor el\u00e9trico, a ATELCAB, LDA afirma-se como uma empresa de refer\u00eancia em Angola, destacando-se pela sua compet\u00eancia, solidez e compromisso com a excel\u00eancia na presta\u00e7\u00e3o de servi\u00e7os. Ao longo da sua trajet\u00f3ria, a empresa tem [&hellip;]<\/p>\n","protected":false},"author":1,"featured_media":0,"parent":0,"menu_order":0,"comment_status":"closed","ping_status":"closed","template":"elementor_header_footer","meta":{"footnotes":""},"class_list":["post-11","page","type-page","status-publish","hentry"],"_hostinger_reach_plugin_has_subscription_block":false,"_hostinger_reach_plugin_is_elementor":false,"_links":{"self":[{"href":"https:\/\/atelcab.com\/en\/wp-json\/wp\/v2\/pages\/11","targetHints":{"allow":["GET"]}}],"collection":[{"href":"https:\/\/atelcab.com\/en\/wp-json\/wp\/v2\/pages"}],"about":[{"href":"https:\/\/atelcab.com\/en\/wp-json\/wp\/v2\/types\/page"}],"author":[{"embeddable":true,"href":"https:\/\/atelcab.com\/en\/wp-json\/wp\/v2\/users\/1"}],"replies":[{"embeddable":true,"href":"https:\/\/atelcab.com\/en\/wp-json\/wp\/v2\/comments?post=11"}],"version-history":[{"count":184,"href":"https:\/\/atelcab.com\/en\/wp-json\/wp\/v2\/pages\/11\/revisions"}],"predecessor-version":[{"id":786,"href":"https:\/\/atelcab.com\/en\/wp-json\/wp\/v2\/pages\/11\/revisions\/786"}],"wp:attachment":[{"href":"https:\/\/atelcab.com\/en\/wp-json\/wp\/v2\/media?parent=11"}],"curies":[{"name":"wp","href":"https:\/\/api.w.org\/{rel}","templated":true}]}}